{"id":54912,"date":"2016-08-04T15:22:35","date_gmt":"2016-08-04T18:22:35","guid":{"rendered":"http:\/\/www.organicesuevento.com\/fiestasyeventos\/?page_id=54912"},"modified":"2016-08-04T15:22:35","modified_gmt":"2016-08-04T18:22:35","slug":"terminos-y-condiciones","status":"publish","type":"page","link":"https:\/\/www.organicesuevento.com\/fiestasyeventos\/terminos-y-condiciones\/","title":{"rendered":"T\u00e9rminos y Condiciones"},"content":{"rendered":"<p><strong>T\u00e9rminos y condiciones<\/strong><\/p>\n<p>&nbsp;<\/p>\n<p>1.1. ORGANICESUEVENTO es una empresa constituida bajo las leyes de la Rep\u00fablica Oriental del Uruguay que presta un servicio web de informaci\u00f3n de Proveedores del rubro Eventos y Fiestas de forma on-line y totalmente gratuita para los usuarios de internet.<\/p>\n<p>1.2. Los Proveedores de servicios para fiestas se afilian a nuestro portal para presentarse y presupuestar las solicitudes que a diario se generan en el \u00a0portal.<\/p>\n<p>1.3. OrganicesuEvento, presta \u00fanicamente un servicio de informaci\u00f3n proporcionada por sus proveedores afiliados sin participar de ning\u00fan tipo de comercializaci\u00f3n, brindando varios canales por lo que los \u201cUsuarios\u201d del servicio web o potenciales consumidores finales, se informen, comparen y contacten al proveedor de servicio seleccionado.<\/p>\n<p>1.4. La participaci\u00f3n en OrganicesuEvento implica el \u00edntegro conocimiento y aceptaci\u00f3n de estos t\u00e9rminos y condiciones, as\u00ed como de las decisiones que conforme a derecho adopte OrganicesuEvento sobre cualquier cuesti\u00f3n no prevista en las mismas.<\/p>\n<p><strong>Derechos de los Proveedores<\/strong><\/p>\n<p>2.1. Las comunicaciones entre el Proveedor y OrganicesuEvento se mantendr\u00e1n v\u00eda email, ya que es fundamental que todo quede registrado por escrito, para mayor claridad del proceso.<\/p>\n<p>2.2. El Proveedor tiene el derecho de presentar de forma cabal con im\u00e1genes, videos y texto (formato word) sus servicio, productos y promociones.<\/p>\n<p>2.3. El proveedor\u00a0 podr\u00e1 presentar sus datos de contacto (tel\u00e9fonos\/ celulares \/ web \/ Facebook) para ser contactado por el usuario del portal o consumidor final de forma directa y sin ning\u00fan tipo de intermediario.<\/p>\n<p>2.4. El Proveedor afiliado podr\u00e1 modificar cualquiera de sus datos de contacto, im\u00e1genes y videos, siempre comunicando v\u00eda mail para que quede un registro de la modificaci\u00f3n solicitada.<\/p>\n<p><strong>Obligaciones <\/strong><\/p>\n<p>3.1. Es obligaci\u00f3n del Proveedor proporcionar las im\u00e1genes, textos y datos de contactos para su efectiva publicaci\u00f3n.<\/p>\n<p>3.2. OrganicesuEvento garantiza incluir en el \u201csitio web\u201d la informaci\u00f3n exacta comunicada por el Afiliado, siendo este \u00faltimo el \u00fanico y total responsable \u00a0de la informaci\u00f3n proporcionada.<\/p>\n<p>3.3. Todos los contenidos incorporados en el sitio web (fotos, textos, documentos, etc.) proporcionados por el Afiliado, son de entera responsabilidad del mismo. OrganicesuEvento no se hace responsable en caso de que los contenidos, pudieran estar infringiendo alg\u00fan tipo de norma legal de Derechos de Autor, Propiedad intelectual en forma general, etc.<\/p>\n<p>3.4. Por tanto el Proveedor asume la responsabilidad total, de la publicaci\u00f3n que realiza y es responsable frente a OrganicesuEvento de todas las cargas pecuniarias, gastos judiciales, gastos de tramitaci\u00f3n, indemnizaciones y honorarios profesionales que pudieran derivarse para esta \u00faltima en favor de cualesquiera terceros con motivo de acciones, reclamaciones o conflictos originados por el incumplimiento de las obligaciones anteriormente referidas.<\/p>\n<p>3.5. OrganicesuEvento.com se ve en la obligaci\u00f3n de proporcionar a sus proveedores Afiliados todas las solicitudes de presupuesto que a diario se generan en el portal y facilitar a cada Proveedor un Formulario de Contacto Directo donde recibir\u00e1 consultas puntuales y exclusivas sobre sus servicios de clientes potenciales.<\/p>\n<p>3.6. Toda informaci\u00f3n que recoja el Afiliado sobre el Usuario, mediante una Solicitud de Presupuesto General, ser\u00e1 utilizado solo para satisfacer la demanda del usuario e informar sobre el servicio publicado en OrganicesuEvento. Est\u00e1 totalmente prohibido y es causal de desafiliaci\u00f3n de manera unilateral, la constataci\u00f3n de transferir los datos a terceros, ni ser utilizados con ninguna otra finalidad.<\/p>\n<p>&nbsp;<\/p>\n<p><strong>Procedimiento.<\/strong><\/p>\n<p>4.1. OrganicesuEvento queda plenamente facultada a modificar por s\u00ed la interfaz, procedimientos o formalidades de la web sin necesidad de comunicaci\u00f3n o consentimiento previo.<\/p>\n<p>4.2. OrganicesuEvento queda facultado a NO enviar aquellas Solicitudes Generales que no presentan datos completos y generan dudas sobre su veracidad.<\/p>\n<p><strong>Derecho y Obligaciones de los Usuarios.<\/strong><\/p>\n<p>5.1. Tanto con la solicitud de Presupuesto general como con la suscripci\u00f3n a Boletines y a la p\u00e1gina web, el usuario ser\u00e1 incluido en la base de datos de nuestro portal, para recibir presupuestos, promociones, novedades y atractivos sobre Proveedores de Fiestas y Eventos.<\/p>\n<p>5.2. El usuario podr\u00e1 si lo desea cancelar su suscripci\u00f3n en cualquier momento. De esta forma ser\u00e1 eliminado de la base de datos y no recibir\u00e1 m\u00e1s notificaciones por parte de OrganicesuEvento.<\/p>\n<p><strong>Responsabilidades<\/strong>.<\/p>\n<p>6.1. \u201cOrganicesuEvento\u201d no asume obligaci\u00f3n alguna por la informaci\u00f3n que el Proveedor le comunica a efectos de ser incluida en el \u201csitio web\u201d seg\u00fan ya fuera expresado en el numeral 3.<\/p>\n<p>6.2 \u201cOrganicesuEvento\u201d no es responsable por interrupciones en el servicio generado por agentes externos.<\/p>\n<p>6.3 \u201cOrganicesuEvento\u201d no se responsabiliza por cualquier da\u00f1o, perjuicio o p\u00e9rdida causados por fallas en el sistema, en el servidor o en Internet.<\/p>\n<p>\u201cOrganicesuEvento\u201d tampoco ser\u00e1 responsable por cualquier virus que pudiera infectar el equipo del Usuario como consecuencia del acceso, uso o examen del sitio web o a ra\u00edz de cualquier transferencia de datos, archivos, im\u00e1genes, textos, o audio contenidos en el mismo.<\/p>\n<p>6.4. \u201cOrganicesuEvento\u201dno garantiza el acceso y uso continuado o ininterrumpido de su sitio. El sistema puede eventualmente no estar disponible debido a dificultades t\u00e9cnicas o fallas de Internet, o por cualquier otra circunstancia ajena a\u201cOrganicesuEvento\u201d; en tales casos se procurar\u00e1 restablecerlo con la mayor celeridad posible sin que por ello pueda imput\u00e1rsele alg\u00fan tipo de responsabilidad. \u201cOrganicesuEvento\u201d no ser\u00e1 responsable por ning\u00fan error u omisi\u00f3n contenidos en su sitio web.<\/p>\n<p><strong>Exoneraciones.<\/strong><\/p>\n<p>7.1.\u201cEl Usuario\u201d exonera a \u201cOrganicesuEvento\u201d de toda responsabilidad civil, penal o de cualquier otra \u00edndole, emergente de cualquier eventualidad que pueda surgir en base a los servicios, productos, ofertas e informaci\u00f3n establecida por el proveedor que es puesta a disposici\u00f3n a trav\u00e9s del \u201csitio web\u201d o de cualquier conflicto que pueda existir entre el Proveedor y el \u201cconsumidor final\u201d<\/p>\n<p><strong>T\u00e9rmino del Contrato.<\/strong><\/p>\n<p>8.1. \u201cOrganicesuEvento\u201d podr\u00e1 poner fin en cualquier momento a la prestaci\u00f3n de su servicio, si detectar\u00e1 que \u00e9ste est\u00e1 siendo utilizado para cualquier otro fin que no es el establecido en este contrato. Asimismo, tendr\u00e1 la misma facultad si tuviera dudas razonables que el Proveedor se encuentra realizando operaciones il\u00edcitas, irregulares, fraudulentas, anticompetitivas o tendientes al enga\u00f1o.<\/p>\n<p>8.2. Asimismo, \u201cOrganicesuEvento\u201d est\u00e1 facultado a suspender transitoriamente publicaciones de Proveedores hasta tanto obtenga toda la informaci\u00f3n que considere suficiente a efectos de comprobar la actividad y finalidad l\u00edcita y conforme a este contrato.<\/p>\n<p>8.3. \u201cOrganicesuEvento\u201d podr\u00e1 modificar los T\u00e9rminos y Condiciones Generales en cualquier momento haciendo p\u00fablicos en el Sitio los t\u00e9rminos modificados. Las condiciones establecidas en este documento podr\u00e1n ser modificadas por \u201cOrganicesuEvento\u201den cualquier momento, siendo v\u00e1lida la modificaci\u00f3n a partir del<\/p>\n<p>segundo d\u00eda h\u00e1bil en que los nuevos t\u00e9rminos y condiciones hayan sido publicados en el \u201csitio web\u201d.<\/p>\n<p>&nbsp;<\/p>\n<p>Este contrato se regir\u00e1 por la legislaci\u00f3n vigente en la Rep\u00fablica Oriental del Uruguay y las disputas relativas al cumplimiento de las obligacionesemergentes del mismo se dilucidar\u00e1n ante los Tribunales judiciales ordinarios con sede en la ciudad de Montevideo.<\/p>\n","protected":false},"excerpt":{"rendered":"<p>T\u00e9rminos y condiciones &nbsp; 1.1. ORGANICESUEVENTO es una empresa constituida bajo las leyes de la Rep\u00fablica Oriental del Uruguay que presta un servicio web de informaci\u00f3n de Proveedores del rubro Eventos y Fiestas de forma on-line y totalmente gratuita para los usuarios de internet. 1.2. Los Proveedores de servicios para fiestas se afilian a nuestro [&hellip;]<\/p>\n","protected":false},"author":2,"featured_media":0,"parent":0,"menu_order":0,"comment_status":"closed","ping_status":"closed","template":"","meta":{"footnotes":""},"class_list":["post-54912","page","type-page","status-publish","hentry"],"yoast_head":"<!-- This site is optimized with the Yoast SEO plugin v27.3 - https:\/\/yoast.com\/product\/yoast-seo-wordpress\/ -->\n<title>T\u00e9rminos y Condiciones - OrganiceSuEvento<\/title>\n<meta name=\"description\" content=\"Todo lo que necesita para su fiesta en Uruguay\" \/>\n<meta name=\"robots\" content=\"index, follow, max-snippet:-1, max-image-preview:large, max-video-preview:-1\" \/>\n<link rel=\"canonical\" href=\"https:\/\/www.organicesuevento.com\/fiestasyeventos\/terminos-y-condiciones\/\" \/>\n<meta property=\"og:locale\" content=\"es_ES\" \/>\n<meta property=\"og:type\" content=\"article\" \/>\n<meta property=\"og:title\" content=\"T\u00e9rminos y Condiciones - OrganiceSuEvento\" \/>\n<meta property=\"og:description\" content=\"Todo lo que necesita para su fiesta en Uruguay\" \/>\n<meta property=\"og:url\" content=\"https:\/\/www.organicesuevento.com\/fiestasyeventos\/terminos-y-condiciones\/\" \/>\n<meta property=\"og:site_name\" content=\"OrganiceSuEvento\" \/>\n<meta property=\"article:publisher\" content=\"https:\/\/www.facebook.com\/organicesuevento\" \/>\n<meta property=\"og:image\" content=\"https:\/\/www.organicesuevento.com\/fiestasyeventos\/wp-content\/uploads\/logo-2017-organicesuevento-boletin.png\" \/>\n\t<meta property=\"og:image:width\" content=\"617\" \/>\n\t<meta property=\"og:image:height\" content=\"174\" \/>\n\t<meta property=\"og:image:type\" content=\"image\/png\" \/>\n<meta name=\"twitter:card\" content=\"summary_large_image\" \/>\n<meta name=\"twitter:site\" content=\"@1000fiestas\" \/>\n<meta name=\"twitter:label1\" content=\"Tiempo de lectura\" \/>\n\t<meta name=\"twitter:data1\" content=\"6 minutos\" \/>\n<script type=\"application\/ld+json\" class=\"yoast-schema-graph\">{\"@context\":\"https:\\\/\\\/schema.org\",\"@graph\":[{\"@type\":\"WebPage\",\"@id\":\"https:\\\/\\\/www.organicesuevento.com\\\/fiestasyeventos\\\/terminos-y-condiciones\\\/\",\"url\":\"https:\\\/\\\/www.organicesuevento.com\\\/fiestasyeventos\\\/terminos-y-condiciones\\\/\",\"name\":\"T\u00e9rminos y Condiciones - OrganiceSuEvento\",\"isPartOf\":{\"@id\":\"https:\\\/\\\/www.organicesuevento.com\\\/fiestasyeventos\\\/#website\"},\"datePublished\":\"2016-08-04T18:22:35+00:00\",\"description\":\"Todo lo que necesita para su fiesta en Uruguay\",\"breadcrumb\":{\"@id\":\"https:\\\/\\\/www.organicesuevento.com\\\/fiestasyeventos\\\/terminos-y-condiciones\\\/#breadcrumb\"},\"inLanguage\":\"es\",\"potentialAction\":[{\"@type\":\"ReadAction\",\"target\":[\"https:\\\/\\\/www.organicesuevento.com\\\/fiestasyeventos\\\/terminos-y-condiciones\\\/\"]}]},{\"@type\":\"BreadcrumbList\",\"@id\":\"https:\\\/\\\/www.organicesuevento.com\\\/fiestasyeventos\\\/terminos-y-condiciones\\\/#breadcrumb\",\"itemListElement\":[{\"@type\":\"ListItem\",\"position\":1,\"name\":\"Portada\",\"item\":\"https:\\\/\\\/www.organicesuevento.com\\\/fiestasyeventos\\\/\"},{\"@type\":\"ListItem\",\"position\":2,\"name\":\"T\u00e9rminos y Condiciones\"}]},{\"@type\":\"WebSite\",\"@id\":\"https:\\\/\\\/www.organicesuevento.com\\\/fiestasyeventos\\\/#website\",\"url\":\"https:\\\/\\\/www.organicesuevento.com\\\/fiestasyeventos\\\/\",\"name\":\"OrganiceSuEvento\",\"description\":\"Gui\u00ada de proveedores para fiestas y Eventos del Uruguay\",\"publisher\":{\"@id\":\"https:\\\/\\\/www.organicesuevento.com\\\/fiestasyeventos\\\/#organization\"},\"potentialAction\":[{\"@type\":\"SearchAction\",\"target\":{\"@type\":\"EntryPoint\",\"urlTemplate\":\"https:\\\/\\\/www.organicesuevento.com\\\/fiestasyeventos\\\/?s={search_term_string}\"},\"query-input\":{\"@type\":\"PropertyValueSpecification\",\"valueRequired\":true,\"valueName\":\"search_term_string\"}}],\"inLanguage\":\"es\"},{\"@type\":\"Organization\",\"@id\":\"https:\\\/\\\/www.organicesuevento.com\\\/fiestasyeventos\\\/#organization\",\"name\":\"OrganiceSuEvento.com\",\"url\":\"https:\\\/\\\/www.organicesuevento.com\\\/fiestasyeventos\\\/\",\"logo\":{\"@type\":\"ImageObject\",\"inLanguage\":\"es\",\"@id\":\"https:\\\/\\\/www.organicesuevento.com\\\/fiestasyeventos\\\/#\\\/schema\\\/logo\\\/image\\\/\",\"url\":\"https:\\\/\\\/www.organicesuevento.com\\\/fiestasyeventos\\\/wp-content\\\/uploads\\\/logo-2017-organicesuevento-boletin.png\",\"contentUrl\":\"https:\\\/\\\/www.organicesuevento.com\\\/fiestasyeventos\\\/wp-content\\\/uploads\\\/logo-2017-organicesuevento-boletin.png\",\"width\":617,\"height\":174,\"caption\":\"OrganiceSuEvento.com\"},\"image\":{\"@id\":\"https:\\\/\\\/www.organicesuevento.com\\\/fiestasyeventos\\\/#\\\/schema\\\/logo\\\/image\\\/\"},\"sameAs\":[\"https:\\\/\\\/www.facebook.com\\\/organicesuevento\",\"https:\\\/\\\/x.com\\\/1000fiestas\",\"https:\\\/\\\/www.instagram.com\\\/organicesuevento\\\/\"]}]}<\/script>\n<!-- \/ Yoast SEO plugin. -->","yoast_head_json":{"title":"T\u00e9rminos y Condiciones - OrganiceSuEvento","description":"Todo lo que necesita para su fiesta en Uruguay","robots":{"index":"index","follow":"follow","max-snippet":"max-snippet:-1","max-image-preview":"max-image-preview:large","max-video-preview":"max-video-preview:-1"},"canonical":"https:\/\/www.organicesuevento.com\/fiestasyeventos\/terminos-y-condiciones\/","og_locale":"es_ES","og_type":"article","og_title":"T\u00e9rminos y Condiciones - OrganiceSuEvento","og_description":"Todo lo que necesita para su fiesta en Uruguay","og_url":"https:\/\/www.organicesuevento.com\/fiestasyeventos\/terminos-y-condiciones\/","og_site_name":"OrganiceSuEvento","article_publisher":"https:\/\/www.facebook.com\/organicesuevento","og_image":[{"width":617,"height":174,"url":"https:\/\/www.organicesuevento.com\/fiestasyeventos\/wp-content\/uploads\/logo-2017-organicesuevento-boletin.png","type":"image\/png"}],"twitter_card":"summary_large_image","twitter_site":"@1000fiestas","twitter_misc":{"Tiempo de lectura":"6 minutos"},"schema":{"@context":"https:\/\/schema.org","@graph":[{"@type":"WebPage","@id":"https:\/\/www.organicesuevento.com\/fiestasyeventos\/terminos-y-condiciones\/","url":"https:\/\/www.organicesuevento.com\/fiestasyeventos\/terminos-y-condiciones\/","name":"T\u00e9rminos y Condiciones - OrganiceSuEvento","isPartOf":{"@id":"https:\/\/www.organicesuevento.com\/fiestasyeventos\/#website"},"datePublished":"2016-08-04T18:22:35+00:00","description":"Todo lo que necesita para su fiesta en Uruguay","breadcrumb":{"@id":"https:\/\/www.organicesuevento.com\/fiestasyeventos\/terminos-y-condiciones\/#breadcrumb"},"inLanguage":"es","potentialAction":[{"@type":"ReadAction","target":["https:\/\/www.organicesuevento.com\/fiestasyeventos\/terminos-y-condiciones\/"]}]},{"@type":"BreadcrumbList","@id":"https:\/\/www.organicesuevento.com\/fiestasyeventos\/terminos-y-condiciones\/#breadcrumb","itemListElement":[{"@type":"ListItem","position":1,"name":"Portada","item":"https:\/\/www.organicesuevento.com\/fiestasyeventos\/"},{"@type":"ListItem","position":2,"name":"T\u00e9rminos y Condiciones"}]},{"@type":"WebSite","@id":"https:\/\/www.organicesuevento.com\/fiestasyeventos\/#website","url":"https:\/\/www.organicesuevento.com\/fiestasyeventos\/","name":"OrganiceSuEvento","description":"Gui\u00ada de proveedores para fiestas y Eventos del Uruguay","publisher":{"@id":"https:\/\/www.organicesuevento.com\/fiestasyeventos\/#organization"},"potentialAction":[{"@type":"SearchAction","target":{"@type":"EntryPoint","urlTemplate":"https:\/\/www.organicesuevento.com\/fiestasyeventos\/?s={search_term_string}"},"query-input":{"@type":"PropertyValueSpecification","valueRequired":true,"valueName":"search_term_string"}}],"inLanguage":"es"},{"@type":"Organization","@id":"https:\/\/www.organicesuevento.com\/fiestasyeventos\/#organization","name":"OrganiceSuEvento.com","url":"https:\/\/www.organicesuevento.com\/fiestasyeventos\/","logo":{"@type":"ImageObject","inLanguage":"es","@id":"https:\/\/www.organicesuevento.com\/fiestasyeventos\/#\/schema\/logo\/image\/","url":"https:\/\/www.organicesuevento.com\/fiestasyeventos\/wp-content\/uploads\/logo-2017-organicesuevento-boletin.png","contentUrl":"https:\/\/www.organicesuevento.com\/fiestasyeventos\/wp-content\/uploads\/logo-2017-organicesuevento-boletin.png","width":617,"height":174,"caption":"OrganiceSuEvento.com"},"image":{"@id":"https:\/\/www.organicesuevento.com\/fiestasyeventos\/#\/schema\/logo\/image\/"},"sameAs":["https:\/\/www.facebook.com\/organicesuevento","https:\/\/x.com\/1000fiestas","https:\/\/www.instagram.com\/organicesuevento\/"]}]}},"jetpack_sharing_enabled":true,"_links":{"self":[{"href":"https:\/\/www.organicesuevento.com\/fiestasyeventos\/wp-json\/wp\/v2\/pages\/54912","targetHints":{"allow":["GET"]}}],"collection":[{"href":"https:\/\/www.organicesuevento.com\/fiestasyeventos\/wp-json\/wp\/v2\/pages"}],"about":[{"href":"https:\/\/www.organicesuevento.com\/fiestasyeventos\/wp-json\/wp\/v2\/types\/page"}],"author":[{"embeddable":true,"href":"https:\/\/www.organicesuevento.com\/fiestasyeventos\/wp-json\/wp\/v2\/users\/2"}],"replies":[{"embeddable":true,"href":"https:\/\/www.organicesuevento.com\/fiestasyeventos\/wp-json\/wp\/v2\/comments?post=54912"}],"version-history":[{"count":1,"href":"https:\/\/www.organicesuevento.com\/fiestasyeventos\/wp-json\/wp\/v2\/pages\/54912\/revisions"}],"predecessor-version":[{"id":54913,"href":"https:\/\/www.organicesuevento.com\/fiestasyeventos\/wp-json\/wp\/v2\/pages\/54912\/revisions\/54913"}],"wp:attachment":[{"href":"https:\/\/www.organicesuevento.com\/fiestasyeventos\/wp-json\/wp\/v2\/media?parent=54912"}],"curies":[{"name":"wp","href":"https:\/\/api.w.org\/{rel}","templated":true}]}}