{"id":3,"date":"2007-09-17T17:51:21","date_gmt":"2007-09-17T20:51:21","guid":{"rendered":"http:\/\/www.organicesuevento.com\/fiestasyeventos\/?page_id=3"},"modified":"2011-06-26T23:18:04","modified_gmt":"2011-06-27T02:18:04","slug":"sobre-nosotros","status":"publish","type":"page","link":"https:\/\/www.organicesuevento.com\/fiestasyeventos\/sobre-nosotros\/","title":{"rendered":"Nosotros"},"content":{"rendered":"<p><strong><em>ORGANICESUEVENTO.COM<\/em><\/strong><\/p>\n<p><em><strong>Gu\u00eda de proveedores y organizadores de eventos<\/strong><\/em><\/p>\n<p><em>Organicesuevento.com representa un lugar de referencia a la hora de programar un evento y\u00a0 obtener informaci\u00f3n cabal de las distintas ofertas que proporciona el mercado uruguayo. <\/em><\/p>\n<p><em><strong>Sistema de confidencialidad de sus datos<\/strong><\/em><\/p>\n<p>OrganicesuEvento recaba sus datos cuando se suscribe para recibir los boletines mensuales, cuando registra su empresa, cuando solicita presupuestos y cuando participa de concursos o sorteos<\/p>\n<p><em><strong>Aseguraremos su privacidad y la de sus datos.<\/strong><\/em><\/p>\n<p>Sus datos se utilizan unicamente para favorecerlo mediante:<\/p>\n<p>\u2022env\u00edo de confirmaci\u00f3n de solicitud de presupuesto<br \/>\n\u2022env\u00edo de invitaciones a eventos<br \/>\n\u2022env\u00edo de Boletines con servicios, art\u00edculos de inter\u00e9s e informaci\u00f3n de proveedores.<\/p>\n<p>Sus datos son utilizados en exclusividad por OrganicesuEvento.com unicamente para enviarle informaci\u00f3n beneficiosa para ud.Nuestra empresa esta comprometida a no vender ni alquilar a nadie sus datos personales.<\/p>\n<p>Cuando ud. solicita un presupuesto a uno o varios proveedores, el sistema envia automaticamente\u00a0 su solicitud a la empresa que seleccion\u00f3 con el fin de satisfacer su consulta. El proveedor elegido por usted, solo puede utilizar sus datos para responderle.<\/p>\n<p><strong>Contacto<\/strong><\/p>\n<p><strong>Cualquier consulta o sugerencia sobre nuestro servicio escribanos a <a href=\"mailto:marketing@organicesuevento.com\">marketing@organicesuevento.com<\/a> y nos comunicaremos a la brevedad.<\/strong><\/p>\n<p>Si ud. desea ser eliminado solamente debe enviarnos un mail a <a href=\"mailto:guia@organicesuevento.com\">guia@organicesuevento.com<\/a> con el asunto REMOVER y lo realizaremos inmediatamente.<\/p>\n<p><em>\u00a0<\/em><\/p>\n","protected":false},"excerpt":{"rendered":"<p>ORGANICESUEVENTO.COM Gu\u00eda de proveedores y organizadores de eventos Organicesuevento.com representa un lugar de referencia a la hora de programar un evento y\u00a0 obtener informaci\u00f3n cabal de las distintas ofertas que proporciona el mercado uruguayo. Sistema de confidencialidad de sus datos OrganicesuEvento recaba sus datos cuando se suscribe para recibir los boletines mensuales, cuando registra su [&hellip;]<\/p>\n","protected":false},"author":2,"featured_media":0,"parent":0,"menu_order":1000,"comment_status":"closed","ping_status":"closed","template":"","meta":{"footnotes":""},"class_list":["post-3","page","type-page","status-publish","hentry"],"yoast_head":"<!-- This site is optimized with the Yoast SEO plugin v27.4 - https:\/\/yoast.com\/product\/yoast-seo-wordpress\/ -->\n<title>Nosotros - OrganiceSuEvento<\/title>\n<meta name=\"description\" content=\"Todo lo que necesita para su fiesta en Uruguay\" \/>\n<meta name=\"robots\" content=\"index, follow, max-snippet:-1, max-image-preview:large, max-video-preview:-1\" \/>\n<link rel=\"canonical\" href=\"https:\/\/www.organicesuevento.com\/fiestasyeventos\/sobre-nosotros\/\" \/>\n<meta property=\"og:locale\" content=\"es_ES\" \/>\n<meta property=\"og:type\" content=\"article\" \/>\n<meta property=\"og:title\" content=\"Nosotros - OrganiceSuEvento\" \/>\n<meta property=\"og:description\" content=\"Todo lo que necesita para su fiesta en Uruguay\" \/>\n<meta property=\"og:url\" content=\"https:\/\/www.organicesuevento.com\/fiestasyeventos\/sobre-nosotros\/\" \/>\n<meta property=\"og:site_name\" content=\"OrganiceSuEvento\" \/>\n<meta property=\"article:publisher\" content=\"https:\/\/www.facebook.com\/organicesuevento\" \/>\n<meta property=\"article:modified_time\" content=\"2011-06-27T02:18:04+00:00\" \/>\n<meta property=\"og:image\" content=\"https:\/\/www.organicesuevento.com\/fiestasyeventos\/wp-content\/uploads\/logo-2017-organicesuevento-boletin.png\" \/>\n\t<meta property=\"og:image:width\" content=\"617\" \/>\n\t<meta property=\"og:image:height\" content=\"174\" \/>\n\t<meta property=\"og:image:type\" content=\"image\/png\" \/>\n<meta name=\"twitter:card\" content=\"summary_large_image\" \/>\n<meta name=\"twitter:site\" content=\"@1000fiestas\" \/>\n<meta name=\"twitter:label1\" content=\"Tiempo de lectura\" \/>\n\t<meta name=\"twitter:data1\" content=\"1 minuto\" \/>\n<script type=\"application\/ld+json\" class=\"yoast-schema-graph\">{\"@context\":\"https:\\\/\\\/schema.org\",\"@graph\":[{\"@type\":\"WebPage\",\"@id\":\"https:\\\/\\\/www.organicesuevento.com\\\/fiestasyeventos\\\/sobre-nosotros\\\/\",\"url\":\"https:\\\/\\\/www.organicesuevento.com\\\/fiestasyeventos\\\/sobre-nosotros\\\/\",\"name\":\"Nosotros - OrganiceSuEvento\",\"isPartOf\":{\"@id\":\"https:\\\/\\\/www.organicesuevento.com\\\/fiestasyeventos\\\/#website\"},\"datePublished\":\"2007-09-17T20:51:21+00:00\",\"dateModified\":\"2011-06-27T02:18:04+00:00\",\"description\":\"Todo lo que necesita para su fiesta en Uruguay\",\"breadcrumb\":{\"@id\":\"https:\\\/\\\/www.organicesuevento.com\\\/fiestasyeventos\\\/sobre-nosotros\\\/#breadcrumb\"},\"inLanguage\":\"es\",\"potentialAction\":[{\"@type\":\"ReadAction\",\"target\":[\"https:\\\/\\\/www.organicesuevento.com\\\/fiestasyeventos\\\/sobre-nosotros\\\/\"]}]},{\"@type\":\"BreadcrumbList\",\"@id\":\"https:\\\/\\\/www.organicesuevento.com\\\/fiestasyeventos\\\/sobre-nosotros\\\/#breadcrumb\",\"itemListElement\":[{\"@type\":\"ListItem\",\"position\":1,\"name\":\"Portada\",\"item\":\"https:\\\/\\\/www.organicesuevento.com\\\/fiestasyeventos\\\/\"},{\"@type\":\"ListItem\",\"position\":2,\"name\":\"Nosotros\"}]},{\"@type\":\"WebSite\",\"@id\":\"https:\\\/\\\/www.organicesuevento.com\\\/fiestasyeventos\\\/#website\",\"url\":\"https:\\\/\\\/www.organicesuevento.com\\\/fiestasyeventos\\\/\",\"name\":\"OrganiceSuEvento\",\"description\":\"Gui\u00ada de proveedores para fiestas y Eventos del Uruguay\",\"publisher\":{\"@id\":\"https:\\\/\\\/www.organicesuevento.com\\\/fiestasyeventos\\\/#organization\"},\"potentialAction\":[{\"@type\":\"SearchAction\",\"target\":{\"@type\":\"EntryPoint\",\"urlTemplate\":\"https:\\\/\\\/www.organicesuevento.com\\\/fiestasyeventos\\\/?s={search_term_string}\"},\"query-input\":{\"@type\":\"PropertyValueSpecification\",\"valueRequired\":true,\"valueName\":\"search_term_string\"}}],\"inLanguage\":\"es\"},{\"@type\":\"Organization\",\"@id\":\"https:\\\/\\\/www.organicesuevento.com\\\/fiestasyeventos\\\/#organization\",\"name\":\"OrganiceSuEvento.com\",\"url\":\"https:\\\/\\\/www.organicesuevento.com\\\/fiestasyeventos\\\/\",\"logo\":{\"@type\":\"ImageObject\",\"inLanguage\":\"es\",\"@id\":\"https:\\\/\\\/www.organicesuevento.com\\\/fiestasyeventos\\\/#\\\/schema\\\/logo\\\/image\\\/\",\"url\":\"https:\\\/\\\/www.organicesuevento.com\\\/fiestasyeventos\\\/wp-content\\\/uploads\\\/logo-2017-organicesuevento-boletin.png\",\"contentUrl\":\"https:\\\/\\\/www.organicesuevento.com\\\/fiestasyeventos\\\/wp-content\\\/uploads\\\/logo-2017-organicesuevento-boletin.png\",\"width\":617,\"height\":174,\"caption\":\"OrganiceSuEvento.com\"},\"image\":{\"@id\":\"https:\\\/\\\/www.organicesuevento.com\\\/fiestasyeventos\\\/#\\\/schema\\\/logo\\\/image\\\/\"},\"sameAs\":[\"https:\\\/\\\/www.facebook.com\\\/organicesuevento\",\"https:\\\/\\\/x.com\\\/1000fiestas\",\"https:\\\/\\\/www.instagram.com\\\/organicesuevento\\\/\"]}]}<\/script>\n<!-- \/ Yoast SEO plugin. -->","yoast_head_json":{"title":"Nosotros - OrganiceSuEvento","description":"Todo lo que necesita para su fiesta en Uruguay","robots":{"index":"index","follow":"follow","max-snippet":"max-snippet:-1","max-image-preview":"max-image-preview:large","max-video-preview":"max-video-preview:-1"},"canonical":"https:\/\/www.organicesuevento.com\/fiestasyeventos\/sobre-nosotros\/","og_locale":"es_ES","og_type":"article","og_title":"Nosotros - OrganiceSuEvento","og_description":"Todo lo que necesita para su fiesta en Uruguay","og_url":"https:\/\/www.organicesuevento.com\/fiestasyeventos\/sobre-nosotros\/","og_site_name":"OrganiceSuEvento","article_publisher":"https:\/\/www.facebook.com\/organicesuevento","article_modified_time":"2011-06-27T02:18:04+00:00","og_image":[{"width":617,"height":174,"url":"https:\/\/www.organicesuevento.com\/fiestasyeventos\/wp-content\/uploads\/logo-2017-organicesuevento-boletin.png","type":"image\/png"}],"twitter_card":"summary_large_image","twitter_site":"@1000fiestas","twitter_misc":{"Tiempo de lectura":"1 minuto"},"schema":{"@context":"https:\/\/schema.org","@graph":[{"@type":"WebPage","@id":"https:\/\/www.organicesuevento.com\/fiestasyeventos\/sobre-nosotros\/","url":"https:\/\/www.organicesuevento.com\/fiestasyeventos\/sobre-nosotros\/","name":"Nosotros - OrganiceSuEvento","isPartOf":{"@id":"https:\/\/www.organicesuevento.com\/fiestasyeventos\/#website"},"datePublished":"2007-09-17T20:51:21+00:00","dateModified":"2011-06-27T02:18:04+00:00","description":"Todo lo que necesita para su fiesta en Uruguay","breadcrumb":{"@id":"https:\/\/www.organicesuevento.com\/fiestasyeventos\/sobre-nosotros\/#breadcrumb"},"inLanguage":"es","potentialAction":[{"@type":"ReadAction","target":["https:\/\/www.organicesuevento.com\/fiestasyeventos\/sobre-nosotros\/"]}]},{"@type":"BreadcrumbList","@id":"https:\/\/www.organicesuevento.com\/fiestasyeventos\/sobre-nosotros\/#breadcrumb","itemListElement":[{"@type":"ListItem","position":1,"name":"Portada","item":"https:\/\/www.organicesuevento.com\/fiestasyeventos\/"},{"@type":"ListItem","position":2,"name":"Nosotros"}]},{"@type":"WebSite","@id":"https:\/\/www.organicesuevento.com\/fiestasyeventos\/#website","url":"https:\/\/www.organicesuevento.com\/fiestasyeventos\/","name":"OrganiceSuEvento","description":"Gui\u00ada de proveedores para fiestas y Eventos del Uruguay","publisher":{"@id":"https:\/\/www.organicesuevento.com\/fiestasyeventos\/#organization"},"potentialAction":[{"@type":"SearchAction","target":{"@type":"EntryPoint","urlTemplate":"https:\/\/www.organicesuevento.com\/fiestasyeventos\/?s={search_term_string}"},"query-input":{"@type":"PropertyValueSpecification","valueRequired":true,"valueName":"search_term_string"}}],"inLanguage":"es"},{"@type":"Organization","@id":"https:\/\/www.organicesuevento.com\/fiestasyeventos\/#organization","name":"OrganiceSuEvento.com","url":"https:\/\/www.organicesuevento.com\/fiestasyeventos\/","logo":{"@type":"ImageObject","inLanguage":"es","@id":"https:\/\/www.organicesuevento.com\/fiestasyeventos\/#\/schema\/logo\/image\/","url":"https:\/\/www.organicesuevento.com\/fiestasyeventos\/wp-content\/uploads\/logo-2017-organicesuevento-boletin.png","contentUrl":"https:\/\/www.organicesuevento.com\/fiestasyeventos\/wp-content\/uploads\/logo-2017-organicesuevento-boletin.png","width":617,"height":174,"caption":"OrganiceSuEvento.com"},"image":{"@id":"https:\/\/www.organicesuevento.com\/fiestasyeventos\/#\/schema\/logo\/image\/"},"sameAs":["https:\/\/www.facebook.com\/organicesuevento","https:\/\/x.com\/1000fiestas","https:\/\/www.instagram.com\/organicesuevento\/"]}]}},"jetpack_sharing_enabled":true,"_links":{"self":[{"href":"https:\/\/www.organicesuevento.com\/fiestasyeventos\/wp-json\/wp\/v2\/pages\/3","targetHints":{"allow":["GET"]}}],"collection":[{"href":"https:\/\/www.organicesuevento.com\/fiestasyeventos\/wp-json\/wp\/v2\/pages"}],"about":[{"href":"https:\/\/www.organicesuevento.com\/fiestasyeventos\/wp-json\/wp\/v2\/types\/page"}],"author":[{"embeddable":true,"href":"https:\/\/www.organicesuevento.com\/fiestasyeventos\/wp-json\/wp\/v2\/users\/2"}],"replies":[{"embeddable":true,"href":"https:\/\/www.organicesuevento.com\/fiestasyeventos\/wp-json\/wp\/v2\/comments?post=3"}],"version-history":[{"count":0,"href":"https:\/\/www.organicesuevento.com\/fiestasyeventos\/wp-json\/wp\/v2\/pages\/3\/revisions"}],"wp:attachment":[{"href":"https:\/\/www.organicesuevento.com\/fiestasyeventos\/wp-json\/wp\/v2\/media?parent=3"}],"curies":[{"name":"wp","href":"https:\/\/api.w.org\/{rel}","templated":true}]}}